{"id":14342,"date":"2022-12-22T14:51:46","date_gmt":"2022-12-22T13:51:46","guid":{"rendered":"https:\/\/www.villainumbria.blog\/de\/datenschutzerklaerung-au\/"},"modified":"2022-12-22T15:10:27","modified_gmt":"2022-12-22T14:10:27","slug":"datenschutzerklaerung-au","status":"publish","type":"page","link":"https:\/\/www.villainumbria.blog\/de\/datenschutzerklaerung-au\/","title":{"rendered":"Datenschutzerkl\u00e4rung (AU)"},"content":{"rendered":"\n<!-- Legal document generated by Complianz | GDPR\/CCPA Cookie Consent https:\/\/wordpress.org\/plugins\/complianz-gdpr -->\n<div id=\"cmplz-document\" class=\"cmplz-document privacy-statement cmplz-document-au\"><p><i>This privacy statement was last changed on 22 Dezember 2022, last checked on 22 Dezember 2022, and applies to citizens of Australia.<\/i><br \/><br \/><\/p><p>In this privacy statement, we explain what we do with the data we obtain about you via <a href=\"https:\/\/www.villainumbria.blog\/de\">https:\/\/www.villainumbria.blog\/de<\/a>. We recommend you carefully read this statement. In our processing we comply with the requirements of privacy legislation. That means, among other things, that:<ul>\n                <li>we clearly state the purposes for which we process personal data. We do this by means of this privacy statement;<\/li>\n                <li>we aim to limit our collection of personal data to only the personal data required for legitimate purposes;<\/li>\n                <li>we first request your explicit consent to process your personal data in cases requiring your consent;<\/li>\n                <li>we take appropriate security measures to protect your personal data and also require this from parties that process personal data on our behalf;<\/li>\n                <li>we respect your right to access your personal data or have it corrected or deleted, at your request.<\/li>\n            <\/ul><\/p>If you have any questions, or want to know exactly what data we keep of you, please contact us.<h2>1. Zweck und Kategorien von Daten<\/h2><p>Wir k\u00f6nnen personenbezogene Daten f\u00fcr eine Reihe von Zwecken im Zusammenhang mit unserer Gesch\u00e4ftst\u00e4tigkeit sammeln oder erhalten, darunter die folgenden: (zum Vergr\u00f6\u00dfern anklicken)<\/b><\/p><details class=\"cmplz-dropdown dropdown-privacy-statement\"><summary><div><h3>1.1 Kontakt - per Telefon, Post, E-Mail und\/oder Webformate<\/h3><\/div><\/summary><p class=\"cmplz-subtitle\">Die folgenden Datenkategorien werden erfasst<\/p><p><ul><li>Ein Vor- und Nachname<\/li><li>Eine E-Mail-Adresse<\/li><\/ul><\/p><p class=\"cmplz-subtitle\">Bewahrungsfrist<\/p><p>Wir speichern diese Daten bei Beendigung des Dienstes f\u00fcr die folgenden Monate: BIS ZUM WIDERRUF DER EINWILLIGUNG 12 MONATE<\/p><\/details><details class=\"cmplz-dropdown dropdown-privacy-statement\"><summary><div><h3>1.2 Rundschreiben<\/h3><\/div><\/summary><p class=\"cmplz-subtitle\">Die folgenden Datenkategorien werden erfasst<\/p><p><ul><li>Ein Vor- und Nachname<\/li><li>Eine E-Mail-Adresse<\/li><\/ul><\/p><p class=\"cmplz-subtitle\">Bewahrungsfrist<\/p><p>Wir speichern diese Daten bei Beendigung des Dienstes f\u00fcr die folgenden Monate: BIS ZUM WIDERRUF DER EINWILLIGUNG<\/p><\/details><h2>2. Sharing with other parties<\/h2><p>We do not share data with third parties.<\/p><h2>3. Disclosure practices<\/h2><p><p>We disclose personal information if we are required by law or by a court order, in response to a law enforcement agency, to the extent permitted under other provisions of law, to provide information, or for an investigation on a matter related to public safety.<\/p><p>If our website or organisation is taken over, sold, or involved in a merger or acquisition, your details may be disclosed to our advisers and any prospective purchasers and will be passed on to the new owners.<\/p><\/p><h2>4. What if you don&#039;t provide us with your personal information?<\/h2><p>If you don't provide us with your personal information, we may not be able to provide you with the information, products or assistance that you are seeking.<\/p><h2>5. How we respond to Do Not Track signals &amp; Global Privacy Control <\/h2><p>Our website does not respond to and does not support the Do Not Track (DNT) header request field.<\/p><h2>6. Cookies<\/h2><p>Our website uses cookies. For more information about cookies, please refer to our Cookie Policy on our <a href=\"https:\/\/www.villainumbria.blog\/de\/cookie-policy-au\/\">Cookie Policy (AU)<\/a> webpage.&nbsp;<\/p><p>Google may not use the data for any other Google services.<\/p><h2>7. Security<\/h2><p>We are committed to the security of personal data. We take appropriate security measures to limit abuse of and unauthorized access to personal data. This ensures that only the necessary persons have access to your data, that access to the data is protected, and that our security measures are regularly reviewed.<\/p><h2>8. Third party websites<\/h2><p>This privacy statement does not apply to third party websites connected by links on our website. We cannot guarantee that these third parties handle your personal data in a reliable or secure manner. We recommend you read the privacy statements of these websites prior to making use of these websites.<\/p><h2>9. Amendments to this privacy statement<\/h2><p>We reserve the right to make amendments to this privacy statement. It is recommended that you consult this privacy statement regularly in order to be aware of any changes. In addition, we will actively inform you wherever possible.<\/p><h2>10. Accessing and modifying your data<\/h2><p>If you have any questions or want to know which personal data we have about you, please contact us. Please make sure to always clearly state who you are, so that we can be certain that we do not modify or delete any data of the wrong person. We shall provide the requested information only upon receipt of a verifiable consumer request. You can contact us by using the information below. You have the following rights:<\/p><p class=\"cmplz-subtitle\">10.1 You have the following rights with respect to your personal data<\/p><ol class=\"alphabetic\">\n                        <li>You may submit a request for access to the data we process about you.<\/li>\n                        <li>You may request an overview, in a commonly used format, of the data we process about you.<\/li>\n                        <li>You may request correction or deletion of the data if it is incorrect or not or no longer relevant for any purpose under the Privacy Act.<\/li>\n                      <\/ol>\n                      <h2>11. Children<\/h2><p>Our website is not designed to attract children and it is not our intent to collect personal data from children under the age of consent in their country of residence. We therefore request that children under the age of consent do not submit any personal data to us.<\/p><h2>12. Contact details<\/h2><p>VILLA IN UMBRIA DI VANDER BOLT SASKIA MARIA JOAN<br \/>\n        VIA SANTI BISTARELLI - 06069 TUORO SUL TRASIMENO (PG)<br \/>\n        Italien<br \/>\n        Website: <a href=\"https:\/\/www.villainumbria.blog\/de\">https:\/\/www.villainumbria.blog\/de<\/a> <br \/>\n        E-Mail: i&#110;f&#111;&#064;v&#105;ll&#097;in&#117;m&#098;&#114;&#105;&#097;.co&#109; <br \/>\n        Toll free phone number: info@villainumbria.com<br \/>\n        Telefonnummer: info@villainumbria.com<\/p><h2>13. Data Requests<\/h2><p>For the most frequently submitted requests, we also offer you the possibility to use our data request form<br \/>\t\t\t<div class=\"cmplz-datarequest cmplz-alert\">\n\t\t\t\t<span class=\"cmplz-close\">&times;<\/span>\n\t\t\t\t<span id=\"cmplz-message\"><\/span>\n\t\t\t<\/div>\n\t\t\t<form id=\"cmplz-datarequest-form\">\n\t\t\t\t<input type=\"hidden\" required value=\"au\" name=\"cmplz_datarequest_region\" id=\"cmplz_datarequest_region\">\n\n\t\t\t\t<label for=\"cmplz_datarequest_firstname\" class=\"cmplz-first-name\">Name\t\t\t\t\t<input type=\"search\" class=\"datarequest-firstname\" value=\"\" placeholder=\"your first name\" id=\"cmplz_datarequest_firstname\" name=\"cmplz_datarequest_firstname\">\n\t\t\t\t<\/label>\n\t\t\t\t<div>\n\t\t\t\t\t<label for=\"cmplz_datarequest_name\">Name<\/label>\n\t\t\t\t\t<input type=\"text\" required value=\"\" placeholder=\"Dein Name\" id=\"cmplz_datarequest_name\" name=\"cmplz_datarequest_name\">\n\t\t\t\t<\/div>\n\t\t\t\t<div>\n\t\t\t\t\t<label for=\"cmplz_datarequest_email\">E-Mail<\/label>\n\t\t\t\t\t<input type=\"email\" required value=\"\" placeholder=\"email@email.com\" id=\"cmplz_datarequest_email\" name=\"cmplz_datarequest_email\">\n\t\t\t\t<\/div>\n\t\t\t\t\t\t\t\t\t\t<div class=\"cmplz_datarequest cmplz_datarequest_request_for_access\">\n\t\t\t\t\t\t\t<label for=\"cmplz_datarequest_request_for_access\">\n\t\t\t\t\t\t\t\t<input type=\"checkbox\" value=\"1\" name=\"cmplz_datarequest_request_for_access\" id=\"cmplz_datarequest_request_for_access\" \/>\n\t\t\t\t\t\t\t\tStelle einen Antrag auf Zugang zu den Daten, die wir \u00fcber dich verarbeiten.\t\t\t\t\t\t\t<\/label>\n\t\t\t\t\t\t<\/div>\n\t\t\t\t\t\t\t\t\t\t<div class=\"cmplz_datarequest cmplz_datarequest_right_to_be_forgotten\">\n\t\t\t\t\t\t\t<label for=\"cmplz_datarequest_right_to_be_forgotten\">\n\t\t\t\t\t\t\t\t<input type=\"checkbox\" value=\"1\" name=\"cmplz_datarequest_right_to_be_forgotten\" id=\"cmplz_datarequest_right_to_be_forgotten\" \/>\n\t\t\t\t\t\t\t\tStelle einen Antrag auf L\u00f6schung der Daten, wenn sie nicht mehr relevant sind.\t\t\t\t\t\t\t<\/label>\n\t\t\t\t\t\t<\/div>\n\t\t\t\t\t\t\t\t\t\t<div class=\"cmplz_datarequest cmplz_datarequest_right_to_data_portability\">\n\t\t\t\t\t\t\t<label for=\"cmplz_datarequest_right_to_data_portability\">\n\t\t\t\t\t\t\t\t<input type=\"checkbox\" value=\"1\" name=\"cmplz_datarequest_right_to_data_portability\" id=\"cmplz_datarequest_right_to_data_portability\" \/>\n\t\t\t\t\t\t\t\tStelle einen Antrag auf eine Exportdatei der Daten, die wir \u00fcber dich verarbeiten.\t\t\t\t\t\t\t<\/label>\n\t\t\t\t\t\t<\/div>\n\t\t\t\t\t\t\t\t<input type=\"button\" id=\"cmplz-datarequest-submit\" value=\"Senden\">\n\t\t\t<\/form>\n\n\t\t\t<style>\n\t\t\t\t\/* first-name is honeypot *\/\n\t\t\t\t.cmplz-first-name {\n\t\t\t\t\tposition: absolute !important;\n\t\t\t\t\tleft: -5000px !important;\n\t\t\t\t}\n\t\t\t<\/style>\n\t\t\t<\/p><p>We have appointed a contact person for the organization\u2019s policies and practices and to whom complaints or inquiries can be forwarded:<br \/>VILLA IN UMBRIA DI VANDER BOLT SASKIA MARIA JOAN<br \/>info@villainumbria.com - VIA SANTI BISTARELLI - 06069 TUORO SUL TRASIMENO (PG)<\/p><\/div>\n","protected":false},"excerpt":{"rendered":"","protected":false},"author":3,"featured_media":0,"parent":0,"menu_order":0,"comment_status":"closed","ping_status":"closed","template":"","meta":{"_et_pb_use_builder":"","_et_pb_old_content":"","_et_gb_content_width":"","footnotes":""},"yoast_head":"<!-- This site is optimized with the Yoast SEO plugin v23.0 - https:\/\/yoast.com\/wordpress\/plugins\/seo\/ -->\n<title>Datenschutzerkl\u00e4rung (AU) - Villa in Umbria Blog<\/title>\n<meta name=\"robots\" content=\"index, follow, max-snippet:-1, max-image-preview:large, max-video-preview:-1\" \/>\n<link rel=\"canonical\" href=\"https:\/\/www.villainumbria.blog\/de\/datenschutzerklaerung-au\/\" \/>\n<meta property=\"og:locale\" content=\"de_DE\" \/>\n<meta property=\"og:type\" content=\"article\" \/>\n<meta property=\"og:title\" content=\"Datenschutzerkl\u00e4rung (AU) - Villa in Umbria Blog\" \/>\n<meta property=\"og:url\" content=\"https:\/\/www.villainumbria.blog\/de\/datenschutzerklaerung-au\/\" \/>\n<meta property=\"og:site_name\" content=\"Villa in Umbria Blog\" \/>\n<meta property=\"article:publisher\" content=\"https:\/\/www.facebook.com\/villainumbria.holidays\" \/>\n<meta property=\"article:modified_time\" content=\"2022-12-22T14:10:27+00:00\" \/>\n<meta name=\"twitter:card\" content=\"summary_large_image\" \/>\n<meta name=\"twitter:site\" content=\"@villainumbria\" \/>\n<script type=\"application\/ld+json\" class=\"yoast-schema-graph\">{\"@context\":\"https:\/\/schema.org\",\"@graph\":[{\"@type\":\"WebPage\",\"@id\":\"https:\/\/www.villainumbria.blog\/de\/datenschutzerklaerung-au\/\",\"url\":\"https:\/\/www.villainumbria.blog\/de\/datenschutzerklaerung-au\/\",\"name\":\"Datenschutzerkl\u00e4rung (AU) - Villa in Umbria Blog\",\"isPartOf\":{\"@id\":\"https:\/\/www.villainumbria.blog\/de\/#website\"},\"datePublished\":\"2022-12-22T13:51:46+00:00\",\"dateModified\":\"2022-12-22T14:10:27+00:00\",\"inLanguage\":\"de\",\"potentialAction\":[{\"@type\":\"ReadAction\",\"target\":[\"https:\/\/www.villainumbria.blog\/de\/datenschutzerklaerung-au\/\"]}]},{\"@type\":\"WebSite\",\"@id\":\"https:\/\/www.villainumbria.blog\/de\/#website\",\"url\":\"https:\/\/www.villainumbria.blog\/de\/\",\"name\":\"Villa in Umbria Blog\",\"description\":\"A blog about Umbria: sightseeing, events, restaurants, and more.\",\"publisher\":{\"@id\":\"https:\/\/www.villainumbria.blog\/de\/#organization\"},\"potentialAction\":[{\"@type\":\"SearchAction\",\"target\":{\"@type\":\"EntryPoint\",\"urlTemplate\":\"https:\/\/www.villainumbria.blog\/de\/?s={search_term_string}\"},\"query-input\":\"required name=search_term_string\"}],\"inLanguage\":\"de\"},{\"@type\":\"Organization\",\"@id\":\"https:\/\/www.villainumbria.blog\/de\/#organization\",\"name\":\"Villa in Umbria Blog\",\"url\":\"https:\/\/www.villainumbria.blog\/de\/\",\"logo\":{\"@type\":\"ImageObject\",\"inLanguage\":\"de\",\"@id\":\"https:\/\/www.villainumbria.blog\/de\/#\/schema\/logo\/image\/\",\"url\":\"https:\/\/www.villainumbria.blog\/de\/wp-content\/uploads\/2018\/07\/cropped-cropped-villa_in_umbria__logo_senzascritta_trasp-1.png\",\"contentUrl\":\"https:\/\/www.villainumbria.blog\/de\/wp-content\/uploads\/2018\/07\/cropped-cropped-villa_in_umbria__logo_senzascritta_trasp-1.png\",\"width\":1206,\"height\":903,\"caption\":\"Villa in Umbria Blog\"},\"image\":{\"@id\":\"https:\/\/www.villainumbria.blog\/de\/#\/schema\/logo\/image\/\"},\"sameAs\":[\"https:\/\/www.facebook.com\/villainumbria.holidays\",\"https:\/\/x.com\/villainumbria\",\"https:\/\/www.instagram.com\/villainumbria.holidays\/\",\"https:\/\/www.pinterest.com\/villainumbria\/\",\"https:\/\/www.youtube.com\/villainumbria\"]}]}<\/script>\n<!-- \/ Yoast SEO plugin. -->","yoast_head_json":{"title":"Datenschutzerkl\u00e4rung (AU) - Villa in Umbria Blog","robots":{"index":"index","follow":"follow","max-snippet":"max-snippet:-1","max-image-preview":"max-image-preview:large","max-video-preview":"max-video-preview:-1"},"canonical":"https:\/\/www.villainumbria.blog\/de\/datenschutzerklaerung-au\/","og_locale":"de_DE","og_type":"article","og_title":"Datenschutzerkl\u00e4rung (AU) - Villa in Umbria Blog","og_url":"https:\/\/www.villainumbria.blog\/de\/datenschutzerklaerung-au\/","og_site_name":"Villa in Umbria Blog","article_publisher":"https:\/\/www.facebook.com\/villainumbria.holidays","article_modified_time":"2022-12-22T14:10:27+00:00","twitter_card":"summary_large_image","twitter_site":"@villainumbria","schema":{"@context":"https:\/\/schema.org","@graph":[{"@type":"WebPage","@id":"https:\/\/www.villainumbria.blog\/de\/datenschutzerklaerung-au\/","url":"https:\/\/www.villainumbria.blog\/de\/datenschutzerklaerung-au\/","name":"Datenschutzerkl\u00e4rung (AU) - Villa in Umbria Blog","isPartOf":{"@id":"https:\/\/www.villainumbria.blog\/de\/#website"},"datePublished":"2022-12-22T13:51:46+00:00","dateModified":"2022-12-22T14:10:27+00:00","inLanguage":"de","potentialAction":[{"@type":"ReadAction","target":["https:\/\/www.villainumbria.blog\/de\/datenschutzerklaerung-au\/"]}]},{"@type":"WebSite","@id":"https:\/\/www.villainumbria.blog\/de\/#website","url":"https:\/\/www.villainumbria.blog\/de\/","name":"Villa in Umbria Blog","description":"A blog about Umbria: sightseeing, events, restaurants, and more.","publisher":{"@id":"https:\/\/www.villainumbria.blog\/de\/#organization"},"potentialAction":[{"@type":"SearchAction","target":{"@type":"EntryPoint","urlTemplate":"https:\/\/www.villainumbria.blog\/de\/?s={search_term_string}"},"query-input":"required name=search_term_string"}],"inLanguage":"de"},{"@type":"Organization","@id":"https:\/\/www.villainumbria.blog\/de\/#organization","name":"Villa in Umbria Blog","url":"https:\/\/www.villainumbria.blog\/de\/","logo":{"@type":"ImageObject","inLanguage":"de","@id":"https:\/\/www.villainumbria.blog\/de\/#\/schema\/logo\/image\/","url":"https:\/\/www.villainumbria.blog\/de\/wp-content\/uploads\/2018\/07\/cropped-cropped-villa_in_umbria__logo_senzascritta_trasp-1.png","contentUrl":"https:\/\/www.villainumbria.blog\/de\/wp-content\/uploads\/2018\/07\/cropped-cropped-villa_in_umbria__logo_senzascritta_trasp-1.png","width":1206,"height":903,"caption":"Villa in Umbria Blog"},"image":{"@id":"https:\/\/www.villainumbria.blog\/de\/#\/schema\/logo\/image\/"},"sameAs":["https:\/\/www.facebook.com\/villainumbria.holidays","https:\/\/x.com\/villainumbria","https:\/\/www.instagram.com\/villainumbria.holidays\/","https:\/\/www.pinterest.com\/villainumbria\/","https:\/\/www.youtube.com\/villainumbria"]}]}},"_links":{"self":[{"href":"https:\/\/www.villainumbria.blog\/de\/wp-json\/wp\/v2\/pages\/14342"}],"collection":[{"href":"https:\/\/www.villainumbria.blog\/de\/wp-json\/wp\/v2\/pages"}],"about":[{"href":"https:\/\/www.villainumbria.blog\/de\/wp-json\/wp\/v2\/types\/page"}],"author":[{"embeddable":true,"href":"https:\/\/www.villainumbria.blog\/de\/wp-json\/wp\/v2\/users\/3"}],"replies":[{"embeddable":true,"href":"https:\/\/www.villainumbria.blog\/de\/wp-json\/wp\/v2\/comments?post=14342"}],"version-history":[{"count":1,"href":"https:\/\/www.villainumbria.blog\/de\/wp-json\/wp\/v2\/pages\/14342\/revisions"}],"predecessor-version":[{"id":14355,"href":"https:\/\/www.villainumbria.blog\/de\/wp-json\/wp\/v2\/pages\/14342\/revisions\/14355"}],"wp:attachment":[{"href":"https:\/\/www.villainumbria.blog\/de\/wp-json\/wp\/v2\/media?parent=14342"}],"curies":[{"name":"wp","href":"https:\/\/api.w.org\/{rel}","templated":true}]}}